{"id":646,"date":"2023-02-15T17:49:31","date_gmt":"2023-02-15T22:49:31","guid":{"rendered":"https:\/\/omzy-app.com\/homepage\/"},"modified":"2024-05-16T11:56:45","modified_gmt":"2024-05-16T15:56:45","slug":"homepage","status":"publish","type":"page","link":"https:\/\/omzy-app.com\/fr\/","title":{"rendered":"Accueil"},"content":{"rendered":"","protected":false},"excerpt":{"rendered":"","protected":false},"author":1,"featured_media":0,"parent":0,"menu_order":0,"comment_status":"closed","ping_status":"closed","template":"template\/homepage.php","meta":{"_acf_changed":false,"footnotes":""},"class_list":["post-646","page","type-page","status-publish","hentry"],"acf":[],"yoast_head":"<!-- This site is optimized with the Yoast SEO plugin v26.0 - https:\/\/yoast.com\/wordpress\/plugins\/seo\/ -->\n<title>OMZY | Gestion de projet pour Dynamics 365 Business Central<\/title>\n<meta name=\"description\" content=\"OMZY est une application de gestion de projet int\u00e9gr\u00e9e \u00e0 Business Central pour les firmes de services professionnels.\" \/>\n<meta name=\"robots\" content=\"index, follow, max-snippet:-1, max-image-preview:large, max-video-preview:-1\" \/>\n<link rel=\"canonical\" href=\"https:\/\/omzy-app.com\/fr\/\" \/>\n<meta property=\"og:locale\" content=\"fr_CA\" \/>\n<meta property=\"og:type\" content=\"article\" \/>\n<meta property=\"og:title\" content=\"OMZY | Gestion de projet pour Dynamics 365 Business Central\" \/>\n<meta property=\"og:description\" content=\"OMZY est une application de gestion de projet int\u00e9gr\u00e9e \u00e0 Business Central pour les firmes de services professionnels.\" \/>\n<meta property=\"og:url\" content=\"https:\/\/omzy-app.com\/fr\/\" \/>\n<meta property=\"og:site_name\" content=\"OMZY\" \/>\n<meta property=\"article:modified_time\" content=\"2024-05-16T15:56:45+00:00\" \/>\n<meta property=\"og:image\" content=\"https:\/\/omzy-app.com\/wp-content\/uploads\/2023\/03\/OMZY_partage-1200x630-1.png\" \/>\n\t<meta property=\"og:image:width\" content=\"1200\" \/>\n\t<meta property=\"og:image:height\" content=\"630\" \/>\n\t<meta property=\"og:image:type\" content=\"image\/png\" \/>\n<meta name=\"twitter:card\" content=\"summary_large_image\" \/>\n<script type=\"application\/ld+json\" class=\"yoast-schema-graph\">{\"@context\":\"https:\/\/schema.org\",\"@graph\":[{\"@type\":\"WebPage\",\"@id\":\"https:\/\/omzy-app.com\/fr\/\",\"url\":\"https:\/\/omzy-app.com\/fr\/\",\"name\":\"OMZY | Gestion de projet pour Dynamics 365 Business Central\",\"isPartOf\":{\"@id\":\"https:\/\/omzy-app.com\/fr\/#website\"},\"datePublished\":\"2023-02-15T22:49:31+00:00\",\"dateModified\":\"2024-05-16T15:56:45+00:00\",\"description\":\"OMZY est une application de gestion de projet int\u00e9gr\u00e9e \u00e0 Business Central pour les firmes de services professionnels.\",\"breadcrumb\":{\"@id\":\"https:\/\/omzy-app.com\/fr\/#breadcrumb\"},\"inLanguage\":\"fr-CA\",\"potentialAction\":[{\"@type\":\"ReadAction\",\"target\":[\"https:\/\/omzy-app.com\/fr\/\"]}]},{\"@type\":\"BreadcrumbList\",\"@id\":\"https:\/\/omzy-app.com\/fr\/#breadcrumb\",\"itemListElement\":[{\"@type\":\"ListItem\",\"position\":1,\"name\":\"Home\",\"item\":\"https:\/\/omzy-app.com\/fr\/\"},{\"@type\":\"ListItem\",\"position\":2,\"name\":\"Accueil\"}]},{\"@type\":\"WebSite\",\"@id\":\"https:\/\/omzy-app.com\/fr\/#website\",\"url\":\"https:\/\/omzy-app.com\/fr\/\",\"name\":\"OMZY\",\"description\":\"ERP for Professional Services on Business Central\",\"publisher\":{\"@id\":\"https:\/\/omzy-app.com\/fr\/#organization\"},\"alternateName\":\"Project-based ERP for professional services\",\"potentialAction\":[{\"@type\":\"SearchAction\",\"target\":{\"@type\":\"EntryPoint\",\"urlTemplate\":\"https:\/\/omzy-app.com\/fr\/?s={search_term_string}\"},\"query-input\":{\"@type\":\"PropertyValueSpecification\",\"valueRequired\":true,\"valueName\":\"search_term_string\"}}],\"inLanguage\":\"fr-CA\"},{\"@type\":\"Organization\",\"@id\":\"https:\/\/omzy-app.com\/fr\/#organization\",\"name\":\"OMZY\",\"url\":\"https:\/\/omzy-app.com\/fr\/\",\"logo\":{\"@type\":\"ImageObject\",\"inLanguage\":\"fr-CA\",\"@id\":\"https:\/\/omzy-app.com\/fr\/#\/schema\/logo\/image\/\",\"url\":\"https:\/\/omzy-app.com\/wp-content\/uploads\/2023\/03\/OMZY-logo-seo-400x120-1.png\",\"contentUrl\":\"https:\/\/omzy-app.com\/wp-content\/uploads\/2023\/03\/OMZY-logo-seo-400x120-1.png\",\"width\":400,\"height\":120,\"caption\":\"OMZY\"},\"image\":{\"@id\":\"https:\/\/omzy-app.com\/fr\/#\/schema\/logo\/image\/\"}}]}<\/script>\n<!-- \/ Yoast SEO plugin. -->","yoast_head_json":{"title":"OMZY | Gestion de projet pour Dynamics 365 Business Central","description":"OMZY est une application de gestion de projet int\u00e9gr\u00e9e \u00e0 Business Central pour les firmes de services professionnels.","robots":{"index":"index","follow":"follow","max-snippet":"max-snippet:-1","max-image-preview":"max-image-preview:large","max-video-preview":"max-video-preview:-1"},"canonical":"https:\/\/omzy-app.com\/fr\/","og_locale":"fr_CA","og_type":"article","og_title":"OMZY | Gestion de projet pour Dynamics 365 Business Central","og_description":"OMZY est une application de gestion de projet int\u00e9gr\u00e9e \u00e0 Business Central pour les firmes de services professionnels.","og_url":"https:\/\/omzy-app.com\/fr\/","og_site_name":"OMZY","article_modified_time":"2024-05-16T15:56:45+00:00","og_image":[{"width":1200,"height":630,"url":"https:\/\/omzy-app.com\/wp-content\/uploads\/2023\/03\/OMZY_partage-1200x630-1.png","type":"image\/png"}],"twitter_card":"summary_large_image","schema":{"@context":"https:\/\/schema.org","@graph":[{"@type":"WebPage","@id":"https:\/\/omzy-app.com\/fr\/","url":"https:\/\/omzy-app.com\/fr\/","name":"OMZY | Gestion de projet pour Dynamics 365 Business Central","isPartOf":{"@id":"https:\/\/omzy-app.com\/fr\/#website"},"datePublished":"2023-02-15T22:49:31+00:00","dateModified":"2024-05-16T15:56:45+00:00","description":"OMZY est une application de gestion de projet int\u00e9gr\u00e9e \u00e0 Business Central pour les firmes de services professionnels.","breadcrumb":{"@id":"https:\/\/omzy-app.com\/fr\/#breadcrumb"},"inLanguage":"fr-CA","potentialAction":[{"@type":"ReadAction","target":["https:\/\/omzy-app.com\/fr\/"]}]},{"@type":"BreadcrumbList","@id":"https:\/\/omzy-app.com\/fr\/#breadcrumb","itemListElement":[{"@type":"ListItem","position":1,"name":"Home","item":"https:\/\/omzy-app.com\/fr\/"},{"@type":"ListItem","position":2,"name":"Accueil"}]},{"@type":"WebSite","@id":"https:\/\/omzy-app.com\/fr\/#website","url":"https:\/\/omzy-app.com\/fr\/","name":"OMZY","description":"ERP for Professional Services on Business Central","publisher":{"@id":"https:\/\/omzy-app.com\/fr\/#organization"},"alternateName":"Project-based ERP for professional services","potentialAction":[{"@type":"SearchAction","target":{"@type":"EntryPoint","urlTemplate":"https:\/\/omzy-app.com\/fr\/?s={search_term_string}"},"query-input":{"@type":"PropertyValueSpecification","valueRequired":true,"valueName":"search_term_string"}}],"inLanguage":"fr-CA"},{"@type":"Organization","@id":"https:\/\/omzy-app.com\/fr\/#organization","name":"OMZY","url":"https:\/\/omzy-app.com\/fr\/","logo":{"@type":"ImageObject","inLanguage":"fr-CA","@id":"https:\/\/omzy-app.com\/fr\/#\/schema\/logo\/image\/","url":"https:\/\/omzy-app.com\/wp-content\/uploads\/2023\/03\/OMZY-logo-seo-400x120-1.png","contentUrl":"https:\/\/omzy-app.com\/wp-content\/uploads\/2023\/03\/OMZY-logo-seo-400x120-1.png","width":400,"height":120,"caption":"OMZY"},"image":{"@id":"https:\/\/omzy-app.com\/fr\/#\/schema\/logo\/image\/"}}]}},"_links":{"self":[{"href":"https:\/\/omzy-app.com\/fr\/wp-json\/wp\/v2\/pages\/646","targetHints":{"allow":["GET"]}}],"collection":[{"href":"https:\/\/omzy-app.com\/fr\/wp-json\/wp\/v2\/pages"}],"about":[{"href":"https:\/\/omzy-app.com\/fr\/wp-json\/wp\/v2\/types\/page"}],"author":[{"embeddable":true,"href":"https:\/\/omzy-app.com\/fr\/wp-json\/wp\/v2\/users\/1"}],"replies":[{"embeddable":true,"href":"https:\/\/omzy-app.com\/fr\/wp-json\/wp\/v2\/comments?post=646"}],"version-history":[{"count":22,"href":"https:\/\/omzy-app.com\/fr\/wp-json\/wp\/v2\/pages\/646\/revisions"}],"predecessor-version":[{"id":1156,"href":"https:\/\/omzy-app.com\/fr\/wp-json\/wp\/v2\/pages\/646\/revisions\/1156"}],"wp:attachment":[{"href":"https:\/\/omzy-app.com\/fr\/wp-json\/wp\/v2\/media?parent=646"}],"curies":[{"name":"wp","href":"https:\/\/api.w.org\/{rel}","templated":true}]}}